{"id":2606,"date":"2024-03-04T16:10:40","date_gmt":"2024-03-04T16:10:40","guid":{"rendered":"https:\/\/vrai-dev.johnabbott.qc.ca\/?page_id=2606"},"modified":"2024-04-30T16:06:25","modified_gmt":"2024-04-30T16:06:25","slug":"reference","status":"publish","type":"page","link":"https:\/\/vrai.johnabbott.qc.ca\/de\/reference\/","title":{"rendered":"Reference"},"content":{"rendered":"<body>\n<div class=\"box\">\n        <div class=\"item-container\">\n            <div class=\"item\">\n                <div class=\"title\">\n                    <h3>Bioreaktor<\/h3>\n                <\/div>\n                <div class=\"border\"><\/div>\n                <div class=\"description\">\n                    <p class=\"about_description\">Ein Bioreaktor ist eine kontrollierte Umgebung, in der lebende Zellen, Gewebe oder Mikroorganismen f\u00fcr verschiedene Anwendungen wie die Herstellung von Arzneimitteln, Biokraftstoffen oder Lebensmitteln kultiviert und erhalten werden. Durch die Optimierung von Bedingungen wie Temperatur, pH-Wert und Sauerstoffgehalt erm\u00f6glichen Bioreaktoren effiziente Wachstums- und Stoffwechselprozesse, was zu qualitativ hochwertigen, konsistenten und skalierbaren biologischen Ergebnissen f\u00fchrt.<br><br><a href=\"javascript:equipmentid('bioreactor')\" style=\"text-decoration: underline; color: #0000ee; font-weight: bold;\">Mehr erfahren<\/a><\/p>\n                <\/div>\n            <\/div>\n            <div class=\"image\">\n                <video controls autoplay loop muted class=\"about_img\" src=\"https:\/\/vrai.johnabbott.qc.ca\/wp-content\/uploads\/2024\/04\/Vrai_Bioreactor_15_Loop.mp4\"><\/video>\n            <\/div>\n        <\/div>\n        <br><br>\n        <div class=\"item-container-2\">\n            <div class=\"item-2\">\n                <div class=\"title-2\">\n                    <h3>Biosicherheitswerkbank<\/h3>\n                <\/div>\n                <div class=\"border\"><\/div>\n                <div class=\"description-2\">\n                    <p class=\"about_description\">Eine Sicherheitswerkbank ist eine Laborumhausung, die Benutzer, die Umgebung und empfindliche Proben vor Kontamination sch\u00fctzen soll. Sie verwendet HEPA-Filter, um sterile Bedingungen aufrechtzuerhalten und gleichzeitig den sicheren Umgang mit potenziell gef\u00e4hrlichen biologischen Substanzen zu erm\u00f6glichen. Sicherheitswerkbanken sind in der Forschung, der Pharmaindustrie und im Klinikbereich f\u00fcr Aufgaben wie Zellkultivierung, DNA-Manipulation und Umgang mit Krankheitserregern unverzichtbar. <br><br><a href=\"javascript:equipmentid('bsc')\" style=\"text-decoration: underline; color: #0000ee; font-weight: bold;\"> Mehr erfahren<\/a><\/p>\n                <\/div>\n            <\/div>\n            <div class=\"image-2\">\n                <video controls autoplay loop muted class=\"about_img\" src=\"https:\/\/vrai.johnabbott.qc.ca\/wp-content\/uploads\/2024\/04\/Vrai_Biosafety-Cabinet_15_Loop.mp4\"><\/video>\n            <\/div>\n        <\/div>\n        <br><br>\n        <div class=\"item-container\">\n            <div class=\"item\">\n                <div class=\"title\">\n                    <h3>Hochpr\u00e4zise Fl\u00fcssigkeitschromatographie<\/h3>\n                <\/div>\n                <div class=\"border\"><\/div>\n                <div class=\"description\">\n                    <p class=\"about_description\">Die hochpr\u00e4zise Fl\u00fcssigchromatographie (HPLC) ist eine fortschrittliche Analysetechnik, die Verbindungen in komplexen Mischungen trennt, identifiziert und quantifiziert. Durch Injektion einer Probe in eine mobile Phase und Durchleiten durch eine station\u00e4re Phase nutzt die HPLC Unterschiede in den Verbindungseigenschaften wie Polarit\u00e4t und L\u00f6slichkeit. Dieses leistungsstarke Werkzeug wird h\u00e4ufig in der Pharmazie, Umweltanalyse und Lebensmittelsicherheit eingesetzt und bietet hohe Empfindlichkeit, Pr\u00e4zision und Reproduzierbarkeit f\u00fcr verschiedene Anwendungen. <br><br><a href=\"javascript:equipmentid('hplc')\" style=\"text-decoration: underline; color: #0000ee; font-weight: bold;\">Mehr erfahren<\/a><\/p>\n                <\/div>\n            <\/div>\n            <div class=\"image\">\n                <video controls autoplay loop muted class=\"about_img\" src=\"https:\/\/vrai.johnabbott.qc.ca\/wp-content\/uploads\/2024\/04\/Vrai_Hplc_15_Loop.mp4\"><\/video>\n            <\/div>\n        <\/div>\n        <br><br>\n        <div class=\"item-container-2\">\n            <div class=\"item-2\">\n                <div class=\"title-2\">\n                    <h3>Dynamischer Lichtstreuer (DLS)<\/h3>\n                <\/div>\n                <div class=\"border\"><\/div>\n                <div class=\"description-2\">\n                    <p class=\"about_description\">Ein dynamischer Lichtstreuer (DLS) ist ein Analysewerkzeug, das die Gr\u00f6\u00dfenverteilung von Partikeln in einer L\u00f6sung misst, indem es die Schwankungen der Streulichtintensit\u00e4t analysiert. Wenn Partikel einer Brownschen Bewegung unterliegen, erkennt der DLS diese Bewegungen mithilfe eines Lasers und eines Fotodetektors und berechnet dann die Partikelgr\u00f6\u00dfen durch Autokorrelationsanalyse. Dies liefert wertvolle Einblicke in die Eigenschaften und Stabilit\u00e4t von Materialien f\u00fcr Anwendungen in Chemie, Biologie und Materialwissenschaft. <br><br><a href=\"javascript:equipmentid('dls')\" style=\"text-decoration: underline; color: #0000ee; font-weight: bold;\">Mehr erfahren<\/a><\/p>\n                <\/div>\n            <\/div>\n            <div class=\"image-2\">\n                <video controls autoplay loop muted class=\"about_img\" src=\"https:\/\/vrai.johnabbott.qc.ca\/wp-content\/uploads\/2024\/04\/Vrai_Dls_15_Loop.mp4\"><\/video>\n            <\/div>\n        <\/div>\n        <br><br>\n        <div class=\"item-container\">\n            <div class=\"item\">\n                <div class=\"title\">\n                    <h3>Bioversiegelung<\/h3>\n                <\/div>\n                <div class=\"border\"><\/div>\n                <div class=\"description\">\n                    <p class=\"about_description\">In der Bioproduktion wird ein Biosealer eingesetzt, um biologische Produkte wie Zellen, Gewebe und Biopharmazeutika zu sichern und zu sch\u00fctzen. Durch die Herstellung luftdichter, wasserdichter und steriler Versiegelungen wird die Produktintegrit\u00e4t gewahrt und eine Kontamination verhindert. Dieses wichtige Werkzeug verbessert die Produktionsqualit\u00e4t und -sicherheit und gew\u00e4hrleistet die Lieferung wirksamer, konsistenter und unverunreinigter Produkte f\u00fcr verschiedene Anwendungen, einschlie\u00dflich Therapeutika und Diagnostika. <br><br><a href=\"javascript:equipmentid('biosealer')\" style=\"text-decoration: underline; color: #0000ee; font-weight: bold;\">Mehr erfahren<\/a><\/p>\n                <\/div>\n            <\/div>\n            <div class=\"image\">\n                <video controls autoplay loop muted class=\"about_img\" src=\"https:\/\/vrai.johnabbott.qc.ca\/wp-content\/uploads\/2024\/04\/Vrai_Biosealer_15_Loop.mp4\"><\/video>\n            <\/div>\n        <\/div>\n        <br><br>\n        <div class=\"item-container-2\">\n            <div class=\"item-2\">\n                <div class=\"title-2\">\n                    <h3>Rohrschwei\u00dfer<\/h3>\n                <\/div>\n                <div class=\"border\"><\/div>\n                <div class=\"description-2\">\n                    <p class=\"about_description\">Ein Rohrschwei\u00dfger\u00e4t ist ein Spezialger\u00e4t, das in der Bioproduktion verwendet wird, um sterile, dichte Verbindungen zwischen flexiblen Rohrabschnitten herzustellen. Dieser Prozess gew\u00e4hrleistet die Eind\u00e4mmung und Integrit\u00e4t empfindlicher biologischer Materialien w\u00e4hrend der Produktions-, Reinigungs- und Transportphasen. Rohrschwei\u00dfger\u00e4te minimieren das Kontaminationsrisiko und gew\u00e4hrleisten Produktqualit\u00e4t und -sicherheit in Anwendungen wie Pharmazeutika, Biologika und Zelltherapien. <br><br><a href=\"javascript:equipmentid('tube_welder')\" style=\"text-decoration: underline; color: #0000ee; font-weight: bold;\">Mehr erfahren<\/a><\/p>\n                <\/div>\n            <\/div>\n            <div class=\"image-2\">\n                <video controls autoplay loop muted class=\"about_img\" src=\"https:\/\/vrai.johnabbott.qc.ca\/wp-content\/uploads\/2024\/04\/Vrai_Tube-Welder_15_Loop.mp4\"><\/video>\n            <\/div>\n        <\/div>\n\n  <br><br>\n        <div class=\"item-container\">\n            <div class=\"item\">\n                <div class=\"title\">\n                    <h3>Bioreaktor-Controller<\/h3>\n                <\/div>\n                <div class=\"border\"><\/div>\n                <div class=\"description\">\n                    <p class=\"about_description\">Ein Bioreaktor-Controller ist ein wichtiges Instrument in der Bioproduktion, das Temperatur, pH-Wert und R\u00fchrgeschwindigkeit f\u00fcr eine optimale Zellkultur reguliert. Als Dreh- und Angelpunkt in der Bioverarbeitung gew\u00e4hrleistet er die Integrit\u00e4t, Sterilit\u00e4t und Sicherheit biologischer Produkte. Er ist ideal f\u00fcr Therapeutika und Diagnostik und dient als zuverl\u00e4ssiger W\u00e4chter, der konsistente, unverunreinigte Ergebnisse in der Biotechnologie erm\u00f6glicht. <br><br><a href=\"javascript:equipmentid('bior_controller')\" style=\"text-decoration: underline; color: #0000ee; font-weight: bold;\">Mehr erfahren<\/a><\/p>\n                <\/div>\n            <\/div>\n            <div class=\"imag\">\n                <video controls autoplay loop muted class=\"about_img\" src=\"https:\/\/vrai.johnabbott.qc.ca\/wp-content\/uploads\/2024\/04\/Vrai_Bioreactor-Controller_15_Loop.mp4\"><\/video>\n            <\/div>\n        <\/div>\n        <br><br>\n        <div class=\"item-container-2\">\n            <div class=\"item-2\">\n                <div class=\"title-2\">\n                    <h3>Inkubator<\/h3>\n                <\/div>\n                <div class=\"border\"><\/div>\n                <div class=\"description-2\">\n                    <p class=\"about_description\">Der Inkubator ist von zentraler Bedeutung f\u00fcr die Bioproduktion, da er optimale Bedingungen f\u00fcr Zellwachstum und -prozesse schafft. Durch die Regulierung der Temperatur bietet er einen kontrollierten Lebensraum f\u00fcr Zellen, Gewebe und Mikroorganismen, f\u00f6rdert reproduzierbare Ergebnisse und stellt die Lebensf\u00e4higkeit biologischer Produkte sicher. Als wichtiges Werkzeug in der Biotechnologie unterst\u00fctzt der Inkubator verschiedene Anwendungen und verbessert die Bioproduktion durch Pr\u00e4zision und Zuverl\u00e4ssigkeit. <br><br><a href=\"javascript:equipmentid('incubator')\" style=\"text-decoration: underline; color: #0000ee; font-weight: bold;\">Mehr erfahren<\/a><\/p>\n                <\/div>\n            <\/div>\n            <div class=\"image--2\">\n                <video controls autoplay loop muted class=\"about_img\" src=\"https:\/\/vrai.johnabbott.qc.ca\/wp-content\/uploads\/2024\/04\/Vrai_Incubator_15_Loop.mp4\"><\/video>\n            <\/div>\n        <\/div>\n\n<br><br>\n        <div class=\"item-container\">\n            <div class=\"item\">\n                <div class=\"title\">\n                    <h3>Lyo-Gefriertrockner<\/h3>\n                <\/div>\n                <div class=\"border\"><\/div>\n                <div class=\"description\">\n                    <p class=\"about_description\">Ein Gefriertrocknungsger\u00e4t spielt eine wichtige Rolle bei der Bioverarbeitung, da es biologische Proben durch Feuchtigkeitsentzug konserviert. Durch die pr\u00e4zise Kontrolle von Temperatur und Druck erleichtert es den Gefriertrocknungsprozess und stellt die Integrit\u00e4t empfindlicher Materialien sicher. Dieses wichtige Instrument eignet sich gut f\u00fcr die Pharma- und Biotechnologie und bietet eine zuverl\u00e4ssige Methode zur Herstellung stabiler, langlebiger Produkte f\u00fcr Forschung, Entwicklung und medizinische Anwendungen. <br><br><a href=\"javascript:equipmentid('freeze_dryer')\" style=\"text-decoration: underline; color: #0000ee; font-weight: bold;\">Mehr erfahren<\/a><\/p>\n                <\/div>\n            <\/div>\n            <div class=\"imag\">\n                <video controls autoplay loop muted class=\"about_img\" src=\"https:\/\/vrai.johnabbott.qc.ca\/wp-content\/uploads\/2024\/04\/Vrai_Lyo-Freeze-Dryer_15_Loop.mp4\"><\/video>\n            <\/div>\n        <\/div>\n        <br><br>\n        <div class=\"item-container-2\">\n            <div class=\"item-2\">\n                <div class=\"title-2\">\n                    <h3>Einweg-Bioreaktor<\/h3>\n                <\/div>\n                <div class=\"border\"><\/div>\n                <div class=\"description-2\">\n                    <p class=\"about_description\">Ein Einweg-Bioreaktor ist eine innovative L\u00f6sung in der Bioproduktion und bietet eine effiziente Einwegplattform f\u00fcr die Zellkultur. Er ist auf Flexibilit\u00e4t und Benutzerfreundlichkeit ausgelegt, sodass Reinigung und Sterilisation entfallen und Arbeitsabl\u00e4ufe optimiert werden. Er ist ideal f\u00fcr verschiedene Anwendungen in der Bioproduktion und bietet eine kosteng\u00fcnstige und skalierbare Option, die die Produktion biologischer Produkte mit Leichtigkeit unterst\u00fctzt. <br><br><a href=\"javascript:equipmentid('single_use_bior')\" style=\"text-decoration: underline; color: #0000ee; font-weight: bold;\">Mehr erfahren<\/a><\/p>\n                <\/div>\n            <\/div>\n            <div class=\"image--2-\">\n                <video controls autoplay loop muted class=\"about_img\" src=\"https:\/\/vrai.johnabbott.qc.ca\/wp-content\/uploads\/2024\/04\/Vrai_Single-Use-Bioreactor_15_Loop.mp4\"><\/video>\n            <\/div>\n        <\/div>\n\n<br><br>\n        <div class=\"item-container\">\n            <div class=\"item\">\n                <div class=\"title\">\n                    <h3>Wellenbioreaktor<\/h3>\n                <\/div>\n                <div class=\"border\"><\/div>\n                <div class=\"description\">\n                    <p class=\"about_description\">Ein Wellenbioreaktor ist ein revolution\u00e4res System in der Bioproduktion, das einen neuartigen Ansatz f\u00fcr die Zellkultur einf\u00fchrt. Durch die Nutzung der Wippbewegungstechnologie bietet er effiziente und skalierbare Prozesse f\u00fcr die Herstellung biologischer Produkte. Durch seine wellenartige Bewegung optimiert er den Sauerstoff- und N\u00e4hrstofftransfer und f\u00f6rdert so das Zellwachstum. Dieser innovative Bioreaktor ist ideal f\u00fcr Anwendungen in der Pharmazie, Biopharmazie und Biokraftstoffentwicklung und bietet eine dynamische und kontrollierte Umgebung f\u00fcr eine robuste Zellkultivierung.<br><br><a href=\"javascript:equipmentid('wave_bioreactor')\" style=\"text-decoration: underline; color: #0000ee; font-weight: bold;\">Mehr erfahren<\/a><\/p>\n                <\/div>\n            <\/div>\n            <div class=\"imag\">\n                <video controls autoplay loop muted class=\"about_img\" src=\"https:\/\/vrai.johnabbott.qc.ca\/wp-content\/uploads\/2024\/04\/Vrai_Wave-Bioreactor_15_Loop.mp4\"><\/video>\n            <\/div>\n        <\/div>\n    \n\n\n    <\/div>\n<script>\n   \/\/show the equipment page\n   function equipmentid(id){\n         window.location.assign(`equipment-id?equipment-id=${id}`);\n   }\n\n      \n<\/script>\n<\/body>","protected":false},"excerpt":{"rendered":"<p>Bioreactor A bioreactor is a controlled environment used to cultivate and maintain living cells, tissues, or microorganisms for various applications, such as producing pharmaceuticals, biofuels, or food products. By optimizing conditions like temperature, pH, and oxygen levels, bioreactors enable efficient growth and metabolic processes, resulting in high-quality, consistent, and scalable biological outputs. Learn More Biosafety [&hellip;]<\/p>","protected":false},"author":2,"featured_media":0,"parent":0,"menu_order":0,"comment_status":"closed","ping_status":"closed","template":"wp-custom-template-page-banner-removed","meta":{"footnotes":""},"class_list":["post-2606","page","type-page","status-publish","hentry"],"_links":{"self":[{"href":"https:\/\/vrai.johnabbott.qc.ca\/de\/wp-json\/wp\/v2\/pages\/2606","targetHints":{"allow":["GET"]}}],"collection":[{"href":"https:\/\/vrai.johnabbott.qc.ca\/de\/wp-json\/wp\/v2\/pages"}],"about":[{"href":"https:\/\/vrai.johnabbott.qc.ca\/de\/wp-json\/wp\/v2\/types\/page"}],"author":[{"embeddable":true,"href":"https:\/\/vrai.johnabbott.qc.ca\/de\/wp-json\/wp\/v2\/users\/2"}],"replies":[{"embeddable":true,"href":"https:\/\/vrai.johnabbott.qc.ca\/de\/wp-json\/wp\/v2\/comments?post=2606"}],"version-history":[{"count":42,"href":"https:\/\/vrai.johnabbott.qc.ca\/de\/wp-json\/wp\/v2\/pages\/2606\/revisions"}],"predecessor-version":[{"id":3504,"href":"https:\/\/vrai.johnabbott.qc.ca\/de\/wp-json\/wp\/v2\/pages\/2606\/revisions\/3504"}],"wp:attachment":[{"href":"https:\/\/vrai.johnabbott.qc.ca\/de\/wp-json\/wp\/v2\/media?parent=2606"}],"curies":[{"name":"wp","href":"https:\/\/api.w.org\/{rel}","templated":true}]}}