{"id":2,"date":"2023-04-17T18:38:23","date_gmt":"2023-04-17T18:38:23","guid":{"rendered":"https:\/\/vrai-dev.johnabbott.qc.ca\/?page_id=2"},"modified":"2024-04-15T02:52:16","modified_gmt":"2024-04-15T02:52:16","slug":"roadmap","status":"publish","type":"page","link":"https:\/\/vrai.johnabbott.qc.ca\/es\/roadmap\/","title":{"rendered":"Hoja de ruta"},"content":{"rendered":"<!-- Cool Timeline Free V2.9.2 -->\r\n\t\t\t<div class=\"ctl-wrapper\" role=\"region\" aria-label=\"Cronologia\">\r\n\t\t\t\t<div class=\"ctl-before-content\"><div class=\"timeline-main-title\"><h2>Cronograma del proyecto<\/h2><\/div><\/div>\t\t\t\t<div id=\"cool_timeline_1\" class=\"cool-timeline-wrapper ctl-both-sided ctl-vertical-wrapper\" >\r\n\t\t\t\t\t<div class=\"ctl-start\"><\/div>\r\n\t\t\t\t\t<!-- Timeline Container -->\r\n\t\t\t\t\t<div class=\"ctl-timeline ctl-timeline-container\" data-animation=\"fade-up\">\r\n\t\t\t\t\t\t<!-- Center Line -->\r\n\t\t\t\t\t\t<div class=\"ctl-inner-line\" role=\"presentation\"><\/div>\r\n\t\t\t\t\t\t<!-- Story Year Section --><div data-cls=\"sc-nv-light vertical\" class=\"timeline-year scrollable-section ctl-year ctl-year-container light-year\" data-section-title=\"2024\" id=\"year-2024\"><div class=\"ctl-year-label ctl-year-text\"><span>2024<\/span><\/div><\/div><!-- Timeline Content --><div  id=\"ctl-story-715\" class=\"ctl-story ctl-story-icon odd ctl-story-right\" data-aos=\"fade-up\"   data-story-index=\"1\" role=\"article\"><!-- Story Date --><div class=\"ctl-labels\"><div class=\"ctl-label-big story-date\">diciembre 16<\/div><\/div><!-- Story Icon --><div class=\"ctl-icon\"><i class= \"fa fas fa-calendar-check\" aria-hidden =\"true\"><\/i><\/div> <!-- Story Arrow --><div class=\"ctl-arrow\"><\/div><!-- Story Content --><div class=\"ctl-content\"><!-- Story Title --><div class=\"ctl-title story-715\" aria-label=\"2\">Fecha l\u00edmite para la subvenci\u00f3n de Novascience<\/div><!-- Story Description --><div class=\"ctl-description\"><p>Todos los m\u00f3dulos de equipamiento estar\u00e1n completos para esta fecha, as\u00ed como: Infraestructura de nube completa Capacidad multiling\u00fce Nueva sala limpia virtual V.2 Permisos y roles maduros para profesores y participantes Tutorial de navegaci\u00f3n maduro<\/p>\n<\/div><\/div><\/div><!-- Timeline Content --><div  id=\"ctl-story-713\" class=\"ctl-story ctl-story-icon even ctl-story-left\" data-aos=\"fade-up\"   data-story-index=\"2\" role=\"article\"><!-- Story Date --><div class=\"ctl-labels\"><div class=\"ctl-label-big story-date\">septiembre 1<\/div><\/div><!-- Story Icon --><div class=\"ctl-icon\"><i class= \"fa fas fa-award\" aria-hidden =\"true\"><\/i><\/div> <!-- Story Arrow --><div class=\"ctl-arrow\"><\/div><!-- Story Content --><div class=\"ctl-content\"><!-- Story Title --><div class=\"ctl-title story-713\" aria-label=\"2\">Versi\u00f3n beta 1.00<\/div><!-- Story Description --><div class=\"ctl-description\"><p>La versi\u00f3n Beta incluir\u00e1 funcionalidad madura para la mayor\u00eda de los modelos, as\u00ed como: Nueva sala limpia virtual V.1 Biorreactor de 200L, Biorreactor de un solo uso, Funciones adicionales del biorreactor Wave Esperamos realizar una serie de cambios basados \u200b\u200ben los comentarios de los usuarios de Alpha, pero a\u00fan no sabemos cu\u00e1les son<\/p>\n<\/div><\/div><\/div><!-- Timeline Content --><div  id=\"ctl-story-1446\" class=\"ctl-story ctl-story-icon odd ctl-story-right\" data-aos=\"fade-up\"   data-story-index=\"3\" role=\"article\"><!-- Story Date --><div class=\"ctl-labels\"><div class=\"ctl-label-big story-date\">junio 1<\/div><\/div><!-- Story Icon --><div class=\"ctl-icon\"><i class=\"fa fa-clock-o\" aria-hidden=\"true\"><\/i><\/div> <!-- Story Arrow --><div class=\"ctl-arrow\"><\/div><!-- Story Content --><div class=\"ctl-content\"><!-- Story Title --><div class=\"ctl-title story-1446\" aria-label=\"2\">Versi\u00f3n alfa 1.20<\/div><!-- Story Description --><div class=\"ctl-description\"><p>Biorreactor de 200 l Biorreactor de un solo uso Biorreactor de ondas Centr\u00edfuga de sistema cerrado (solo modelo y funcionalidad b\u00e1sica)<\/p>\n<\/div><\/div><\/div><!-- Timeline Content --><div  id=\"ctl-story-1441\" class=\"ctl-story ctl-story-icon even ctl-story-left\" data-aos=\"fade-up\"   data-story-index=\"4\" role=\"article\"><!-- Story Date --><div class=\"ctl-labels\"><div class=\"ctl-label-big story-date\">marzo 1<\/div><\/div><!-- Story Icon --><div class=\"ctl-icon\"><i class=\"fa fa-clock-o\" aria-hidden=\"true\"><\/i><\/div> <!-- Story Arrow --><div class=\"ctl-arrow\"><\/div><!-- Story Content --><div class=\"ctl-content\"><!-- Story Title --><div class=\"ctl-title story-1441\" aria-label=\"2\">Versi\u00f3n alfa 1.10<\/div><!-- Story Description --><div class=\"ctl-description\"><p>La segunda versi\u00f3n Alpha incluir\u00e1 modelos mejorados de Alpha 1.0, as\u00ed como: Soldador de tubos Congelador Lyo Autoclave HPLC y Biosealer C\u00f3digos de error adicionales &nbsp;<\/p>\n<\/div><\/div><\/div><!-- Story Year Section --><div data-cls=\"sc-nv-light vertical\" class=\"timeline-year scrollable-section ctl-year ctl-year-container light-year\" data-section-title=\"2023\" id=\"year-2023\"><div class=\"ctl-year-label ctl-year-text\"><span>2023<\/span><\/div><\/div><!-- Timeline Content --><div  id=\"ctl-story-1449\" class=\"ctl-story ctl-story-icon odd ctl-story-right\" data-aos=\"fade-up\"   data-story-index=\"5\" role=\"article\"><!-- Story Date --><div class=\"ctl-labels\"><div class=\"ctl-label-big story-date\">noviembre 20<\/div><\/div><!-- Story Icon --><div class=\"ctl-icon\"><i class=\"fa fa-clock-o\" aria-hidden=\"true\"><\/i><\/div> <!-- Story Arrow --><div class=\"ctl-arrow\"><\/div><!-- Story Content --><div class=\"ctl-content\"><!-- Story Title --><div class=\"ctl-title story-1449\" aria-label=\"2\">Versi\u00f3n alfa 1.00<\/div><!-- Story Description --><div class=\"ctl-description\"><p>La versi\u00f3n alfa de la simulaci\u00f3n VR\/IA incluye lo siguiente: Cabina de bioseguridad DLS BioSealer (c\u00f3digos de error parciales) HPLC (c\u00f3digos de error parciales) Incubadora Avatares con bata de grado A Primera experiencia de animaci\u00f3n celular Sitio web de VR\/IA Aplicaci\u00f3n m\u00f3vil de VR\/IA<\/p>\n<\/div><\/div><\/div><!-- Timeline Content --><div  id=\"ctl-story-1455\" class=\"ctl-story ctl-story-icon even ctl-story-left\" data-aos=\"fade-up\"   data-story-index=\"6\" role=\"article\"><!-- Story Date --><div class=\"ctl-labels\"><div class=\"ctl-label-big story-date\">noviembre 12<\/div><\/div><!-- Story Icon --><div class=\"ctl-icon\"><i class=\"fa fa-clock-o\" aria-hidden=\"true\"><\/i><\/div> <!-- Story Arrow --><div class=\"ctl-arrow\"><\/div><!-- Story Content --><div class=\"ctl-content\"><!-- Story Title --><div class=\"ctl-title story-1455\" aria-label=\"2\">Primera demostraci\u00f3n en vivo<\/div><!-- Story Description --><div class=\"ctl-description\"><p>Primera oportunidad para que nuestros socios y miembros selectos del sector de biofabricaci\u00f3n en Quebec vean nuestro progreso de primera mano en una demostraci\u00f3n limitada para m\u00faltiples jugadores.<\/p>\n<\/div><\/div><\/div><!-- Timeline Content --><div  id=\"ctl-story-1452\" class=\"ctl-story ctl-story-icon odd ctl-story-right\" data-aos=\"fade-up\"   data-story-index=\"7\" role=\"article\"><!-- Story Date --><div class=\"ctl-labels\"><div class=\"ctl-label-big story-date\">noviembre 12<\/div><\/div><!-- Story Icon --><div class=\"ctl-icon\"><i class=\"fa fa-clock-o\" aria-hidden=\"true\"><\/i><\/div> <!-- Story Arrow --><div class=\"ctl-arrow\"><\/div><!-- Story Content --><div class=\"ctl-content\"><!-- Story Title --><div class=\"ctl-title story-1452\" aria-label=\"2\">Adquisici\u00f3n de hardware<\/div><!-- Story Description --><div class=\"ctl-description\"><p>Gracias a la subvenci\u00f3n de Novascience, pudimos comprar el siguiente hardware para desarrollo y uso en el aula: 4 X Meta Quest 3 4 X port\u00e1tiles Alienware X16<\/p>\n<\/div><\/div><\/div><!-- Timeline Content --><div  id=\"ctl-story-1454\" class=\"ctl-story ctl-story-icon even ctl-story-left\" data-aos=\"fade-up\"   data-story-index=\"8\" role=\"article\"><!-- Story Date --><div class=\"ctl-labels\"><div class=\"ctl-label-big story-date\">marzo 3<\/div><\/div><!-- Story Icon --><div class=\"ctl-icon\"><i class=\"fa fa-clock-o\" aria-hidden=\"true\"><\/i><\/div> <!-- Story Arrow --><div class=\"ctl-arrow\"><\/div><!-- Story Content --><div class=\"ctl-content\"><!-- Story Title --><div class=\"ctl-title story-1454\" aria-label=\"2\">Novascience concede una subvenci\u00f3n al proyecto VR\/AI<\/div><!-- Story Description --><div class=\"ctl-description\"><p>El MEIE, a trav\u00e9s de la subvenci\u00f3n Novascience, otorg\u00f3 a nuestro proyecto y a nuestros socios 246.000 d\u00f3lares para hacer realidad este proyecto.<\/p>\n<\/div><\/div><\/div>\t\t\t\t\t<\/div>\r\n\t\t\t\t\t<div class=\"ctl-end\"><\/div>\r\n\t\t\t\t\t\t\t\t\t<\/div>\r\n\t\t\t<\/div>\r\n\t\t\t\n\n\n<p><\/p>","protected":false},"excerpt":{"rendered":"","protected":false},"author":1,"featured_media":0,"parent":0,"menu_order":0,"comment_status":"closed","ping_status":"closed","template":"wp-custom-template-page-banner-removed","meta":{"footnotes":""},"class_list":["post-2","page","type-page","status-publish","hentry"],"_links":{"self":[{"href":"https:\/\/vrai.johnabbott.qc.ca\/es\/wp-json\/wp\/v2\/pages\/2","targetHints":{"allow":["GET"]}}],"collection":[{"href":"https:\/\/vrai.johnabbott.qc.ca\/es\/wp-json\/wp\/v2\/pages"}],"about":[{"href":"https:\/\/vrai.johnabbott.qc.ca\/es\/wp-json\/wp\/v2\/types\/page"}],"author":[{"embeddable":true,"href":"https:\/\/vrai.johnabbott.qc.ca\/es\/wp-json\/wp\/v2\/users\/1"}],"replies":[{"embeddable":true,"href":"https:\/\/vrai.johnabbott.qc.ca\/es\/wp-json\/wp\/v2\/comments?post=2"}],"version-history":[{"count":20,"href":"https:\/\/vrai.johnabbott.qc.ca\/es\/wp-json\/wp\/v2\/pages\/2\/revisions"}],"predecessor-version":[{"id":3261,"href":"https:\/\/vrai.johnabbott.qc.ca\/es\/wp-json\/wp\/v2\/pages\/2\/revisions\/3261"}],"wp:attachment":[{"href":"https:\/\/vrai.johnabbott.qc.ca\/es\/wp-json\/wp\/v2\/media?parent=2"}],"curies":[{"name":"wp","href":"https:\/\/api.w.org\/{rel}","templated":true}]}}