{"id":2606,"date":"2024-03-04T16:10:40","date_gmt":"2024-03-04T16:10:40","guid":{"rendered":"https:\/\/vrai-dev.johnabbott.qc.ca\/?page_id=2606"},"modified":"2024-04-30T16:06:25","modified_gmt":"2024-04-30T16:06:25","slug":"reference","status":"publish","type":"page","link":"https:\/\/vrai.johnabbott.qc.ca\/es\/reference\/","title":{"rendered":"Reference"},"content":{"rendered":"<body>\n<div class=\"box\">\n        <div class=\"item-container\">\n            <div class=\"item\">\n                <div class=\"title\">\n                    <h3>Biorreactor<\/h3>\n                <\/div>\n                <div class=\"border\"><\/div>\n                <div class=\"description\">\n                    <p class=\"about_description\">Un biorreactor es un entorno controlado que se utiliza para cultivar y mantener c\u00e9lulas, tejidos o microorganismos vivos para diversas aplicaciones, como la producci\u00f3n de productos farmac\u00e9uticos, biocombustibles o productos alimenticios. Al optimizar las condiciones como la temperatura, el pH y los niveles de ox\u00edgeno, los biorreactores permiten un crecimiento y procesos metab\u00f3licos eficientes, lo que da como resultado productos biol\u00f3gicos de alta calidad, consistentes y escalables.<br><br><a href=\"javascript:equipmentid('bioreactor')\" style=\"text-decoration: underline; color: #0000ee; font-weight: bold;\">M\u00e1s informaci\u00f3n<\/a><\/p>\n                <\/div>\n            <\/div>\n            <div class=\"image\">\n                <video controls autoplay loop muted class=\"about_img\" src=\"https:\/\/vrai.johnabbott.qc.ca\/wp-content\/uploads\/2024\/04\/Vrai_Bioreactor_15_Loop.mp4\"><\/video>\n            <\/div>\n        <\/div>\n        <br><br>\n        <div class=\"item-container-2\">\n            <div class=\"item-2\">\n                <div class=\"title-2\">\n                    <h3>Cabina de bioseguridad<\/h3>\n                <\/div>\n                <div class=\"border\"><\/div>\n                <div class=\"description-2\">\n                    <p class=\"about_description\">Una cabina de bioseguridad es un recinto de laboratorio dise\u00f1ado para proteger a los usuarios, el medio ambiente y las muestras sensibles de la contaminaci\u00f3n. Emplea filtros HEPA para mantener las condiciones est\u00e9riles y, al mismo tiempo, permitir la manipulaci\u00f3n segura de agentes biol\u00f3gicos potencialmente peligrosos. Las cabinas de bioseguridad son esenciales en los entornos de investigaci\u00f3n, farmac\u00e9uticos y cl\u00ednicos para tareas como el cultivo de c\u00e9lulas, la manipulaci\u00f3n de ADN y el manejo de pat\u00f3genos. <br><br><a href=\"javascript:equipmentid('bsc')\" style=\"text-decoration: underline; color: #0000ee; font-weight: bold;\"> M\u00e1s informaci\u00f3n<\/a><\/p>\n                <\/div>\n            <\/div>\n            <div class=\"image-2\">\n                <video controls autoplay loop muted class=\"about_img\" src=\"https:\/\/vrai.johnabbott.qc.ca\/wp-content\/uploads\/2024\/04\/Vrai_Biosafety-Cabinet_15_Loop.mp4\"><\/video>\n            <\/div>\n        <\/div>\n        <br><br>\n        <div class=\"item-container\">\n            <div class=\"item\">\n                <div class=\"title\">\n                    <h3>Cromatograf\u00eda l\u00edquida de alta precisi\u00f3n<\/h3>\n                <\/div>\n                <div class=\"border\"><\/div>\n                <div class=\"description\">\n                    <p class=\"about_description\">La cromatograf\u00eda l\u00edquida de alta precisi\u00f3n (HPLC) es una t\u00e9cnica anal\u00edtica avanzada que separa, identifica y cuantifica compuestos en mezclas complejas. Al inyectar una muestra en una fase m\u00f3vil y pasarla por una fase estacionaria, la HPLC aprovecha las diferencias en las propiedades de los compuestos, como la polaridad y la solubilidad. Esta potente herramienta se utiliza ampliamente en productos farmac\u00e9uticos, an\u00e1lisis ambientales y seguridad alimentaria, y ofrece alta sensibilidad, precisi\u00f3n y reproducibilidad para diversas aplicaciones. <br><br><a href=\"javascript:equipmentid('hplc')\" style=\"text-decoration: underline; color: #0000ee; font-weight: bold;\">M\u00e1s informaci\u00f3n<\/a><\/p>\n                <\/div>\n            <\/div>\n            <div class=\"image\">\n                <video controls autoplay loop muted class=\"about_img\" src=\"https:\/\/vrai.johnabbott.qc.ca\/wp-content\/uploads\/2024\/04\/Vrai_Hplc_15_Loop.mp4\"><\/video>\n            <\/div>\n        <\/div>\n        <br><br>\n        <div class=\"item-container-2\">\n            <div class=\"item-2\">\n                <div class=\"title-2\">\n                    <h3>Dispersor din\u00e1mico de luz (DLS)<\/h3>\n                <\/div>\n                <div class=\"border\"><\/div>\n                <div class=\"description-2\">\n                    <p class=\"about_description\">Un dispersor din\u00e1mico de luz (DLS) es una herramienta anal\u00edtica que mide la distribuci\u00f3n del tama\u00f1o de las part\u00edculas en una soluci\u00f3n mediante el an\u00e1lisis de las fluctuaciones en la intensidad de la luz dispersada. A medida que las part\u00edculas experimentan un movimiento browniano, el DLS detecta estos movimientos mediante un l\u00e1ser y un fotodetector y luego calcula los tama\u00f1os de las part\u00edculas mediante un an\u00e1lisis de autocorrelaci\u00f3n, lo que proporciona informaci\u00f3n valiosa sobre las propiedades y la estabilidad de los materiales para aplicaciones en qu\u00edmica, biolog\u00eda y ciencia de los materiales. <br><br><a href=\"javascript:equipmentid('dls')\" style=\"text-decoration: underline; color: #0000ee; font-weight: bold;\">M\u00e1s informaci\u00f3n<\/a><\/p>\n                <\/div>\n            <\/div>\n            <div class=\"image-2\">\n                <video controls autoplay loop muted class=\"about_img\" src=\"https:\/\/vrai.johnabbott.qc.ca\/wp-content\/uploads\/2024\/04\/Vrai_Dls_15_Loop.mp4\"><\/video>\n            <\/div>\n        <\/div>\n        <br><br>\n        <div class=\"item-container\">\n            <div class=\"item\">\n                <div class=\"title\">\n                    <h3>Sellador biol\u00f3gico<\/h3>\n                <\/div>\n                <div class=\"border\"><\/div>\n                <div class=\"description\">\n                    <p class=\"about_description\">En la biofabricaci\u00f3n, se utiliza un biosellador para asegurar y proteger productos biol\u00f3gicos, como c\u00e9lulas, tejidos y productos biofarmac\u00e9uticos. Al crear sellos herm\u00e9ticos, herm\u00e9ticos y est\u00e9riles, mantiene la integridad del producto y evita la contaminaci\u00f3n. Esta herramienta fundamental mejora la calidad y la seguridad de la producci\u00f3n, lo que garantiza la entrega de productos efectivos, consistentes y no contaminados para diversas aplicaciones, incluidas las terap\u00e9uticas y de diagn\u00f3stico. <br><br><a href=\"javascript:equipmentid('biosealer')\" style=\"text-decoration: underline; color: #0000ee; font-weight: bold;\">M\u00e1s informaci\u00f3n<\/a><\/p>\n                <\/div>\n            <\/div>\n            <div class=\"image\">\n                <video controls autoplay loop muted class=\"about_img\" src=\"https:\/\/vrai.johnabbott.qc.ca\/wp-content\/uploads\/2024\/04\/Vrai_Biosealer_15_Loop.mp4\"><\/video>\n            <\/div>\n        <\/div>\n        <br><br>\n        <div class=\"item-container-2\">\n            <div class=\"item-2\">\n                <div class=\"title-2\">\n                    <h3>Soldador de tubos<\/h3>\n                <\/div>\n                <div class=\"border\"><\/div>\n                <div class=\"description-2\">\n                    <p class=\"about_description\">Una soldadora de tubos es un dispositivo especializado que se utiliza en la biofabricaci\u00f3n para crear conexiones est\u00e9riles y a prueba de fugas entre secciones de tubos flexibles. Este proceso garantiza la contenci\u00f3n e integridad de materiales biol\u00f3gicos sensibles durante las etapas de producci\u00f3n, purificaci\u00f3n y transporte. Las soldadoras de tubos minimizan el riesgo de contaminaci\u00f3n, manteniendo la calidad y la seguridad del producto en aplicaciones como productos farmac\u00e9uticos, biol\u00f3gicos y terapias celulares. <br><br><a href=\"javascript:equipmentid('tube_welder')\" style=\"text-decoration: underline; color: #0000ee; font-weight: bold;\">M\u00e1s informaci\u00f3n<\/a><\/p>\n                <\/div>\n            <\/div>\n            <div class=\"image-2\">\n                <video controls autoplay loop muted class=\"about_img\" src=\"https:\/\/vrai.johnabbott.qc.ca\/wp-content\/uploads\/2024\/04\/Vrai_Tube-Welder_15_Loop.mp4\"><\/video>\n            <\/div>\n        <\/div>\n\n  <br><br>\n        <div class=\"item-container\">\n            <div class=\"item\">\n                <div class=\"title\">\n                    <h3>Controlador de biorreactor<\/h3>\n                <\/div>\n                <div class=\"border\"><\/div>\n                <div class=\"description\">\n                    <p class=\"about_description\">Un controlador de biorreactor es un instrumento vital para la biofabricaci\u00f3n, que regula la temperatura, el pH y la velocidad de agitaci\u00f3n para un cultivo celular \u00f3ptimo. Al ser el eje central del bioprocesamiento, garantiza la integridad, la esterilidad y la seguridad de los productos biol\u00f3gicos. Ideal para la terapia y el diagn\u00f3stico, es un guardi\u00e1n confiable que facilita resultados consistentes y no contaminados en biotecnolog\u00eda. <br><br><a href=\"javascript:equipmentid('bior_controller')\" style=\"text-decoration: underline; color: #0000ee; font-weight: bold;\">M\u00e1s informaci\u00f3n<\/a><\/p>\n                <\/div>\n            <\/div>\n            <div class=\"imag\">\n                <video controls autoplay loop muted class=\"about_img\" src=\"https:\/\/vrai.johnabbott.qc.ca\/wp-content\/uploads\/2024\/04\/Vrai_Bioreactor-Controller_15_Loop.mp4\"><\/video>\n            <\/div>\n        <\/div>\n        <br><br>\n        <div class=\"item-container-2\">\n            <div class=\"item-2\">\n                <div class=\"title-2\">\n                    <h3>Incubadora<\/h3>\n                <\/div>\n                <div class=\"border\"><\/div>\n                <div class=\"description-2\">\n                    <p class=\"about_description\">La incubadora es fundamental en la biofabricaci\u00f3n, ya que fomenta las condiciones \u00f3ptimas para el crecimiento y los procesos celulares. Al regular la temperatura, proporciona un h\u00e1bitat controlado para c\u00e9lulas, tejidos y microorganismos, lo que promueve resultados reproducibles y garantiza la viabilidad de los productos biol\u00f3gicos. Como herramienta vital en biotecnolog\u00eda, la incubadora admite diversas aplicaciones, lo que eleva la biofabricaci\u00f3n con precisi\u00f3n y confiabilidad. <br><br><a href=\"javascript:equipmentid('incubator')\" style=\"text-decoration: underline; color: #0000ee; font-weight: bold;\">M\u00e1s informaci\u00f3n<\/a><\/p>\n                <\/div>\n            <\/div>\n            <div class=\"image--2\">\n                <video controls autoplay loop muted class=\"about_img\" src=\"https:\/\/vrai.johnabbott.qc.ca\/wp-content\/uploads\/2024\/04\/Vrai_Incubator_15_Loop.mp4\"><\/video>\n            <\/div>\n        <\/div>\n\n<br><br>\n        <div class=\"item-container\">\n            <div class=\"item\">\n                <div class=\"title\">\n                    <h3>Secador de liofilizaci\u00f3n Lyo<\/h3>\n                <\/div>\n                <div class=\"border\"><\/div>\n                <div class=\"description\">\n                    <p class=\"about_description\">Un liofilizador Lyo cumple una funci\u00f3n vital en el bioprocesamiento, ya que preserva las muestras biol\u00f3gicas mediante la extracci\u00f3n de humedad. Con un control preciso de la temperatura y la presi\u00f3n, facilita el proceso de liofilizaci\u00f3n, lo que garantiza la integridad de los materiales sensibles. Este instrumento crucial es ideal para productos farmac\u00e9uticos y biotecnol\u00f3gicos, ya que ofrece un m\u00e9todo confiable para producir productos estables y duraderos para investigaci\u00f3n, desarrollo y aplicaciones m\u00e9dicas. <br><br><a href=\"javascript:equipmentid('freeze_dryer')\" style=\"text-decoration: underline; color: #0000ee; font-weight: bold;\">M\u00e1s informaci\u00f3n<\/a><\/p>\n                <\/div>\n            <\/div>\n            <div class=\"imag\">\n                <video controls autoplay loop muted class=\"about_img\" src=\"https:\/\/vrai.johnabbott.qc.ca\/wp-content\/uploads\/2024\/04\/Vrai_Lyo-Freeze-Dryer_15_Loop.mp4\"><\/video>\n            <\/div>\n        <\/div>\n        <br><br>\n        <div class=\"item-container-2\">\n            <div class=\"item-2\">\n                <div class=\"title-2\">\n                    <h3>Biorreactor de un solo uso<\/h3>\n                <\/div>\n                <div class=\"border\"><\/div>\n                <div class=\"description-2\">\n                    <p class=\"about_description\">Un biorreactor de un solo uso es una soluci\u00f3n innovadora en biofabricaci\u00f3n, ya que ofrece una plataforma desechable y eficiente para el cultivo celular. Dise\u00f1ado para brindar flexibilidad y comodidad, elimina la necesidad de limpieza y esterilizaci\u00f3n, lo que agiliza los flujos de trabajo. Ideal para diversas aplicaciones en biofabricaci\u00f3n, proporciona una opci\u00f3n rentable y escalable que facilita la producci\u00f3n de productos biol\u00f3gicos. <br><br><a href=\"javascript:equipmentid('single_use_bior')\" style=\"text-decoration: underline; color: #0000ee; font-weight: bold;\">M\u00e1s informaci\u00f3n<\/a><\/p>\n                <\/div>\n            <\/div>\n            <div class=\"image--2-\">\n                <video controls autoplay loop muted class=\"about_img\" src=\"https:\/\/vrai.johnabbott.qc.ca\/wp-content\/uploads\/2024\/04\/Vrai_Single-Use-Bioreactor_15_Loop.mp4\"><\/video>\n            <\/div>\n        <\/div>\n\n<br><br>\n        <div class=\"item-container\">\n            <div class=\"item\">\n                <div class=\"title\">\n                    <h3>Biorreactor de olas<\/h3>\n                <\/div>\n                <div class=\"border\"><\/div>\n                <div class=\"description\">\n                    <p class=\"about_description\">Un biorreactor de ondas es un sistema revolucionario en biofabricaci\u00f3n que introduce un nuevo enfoque al cultivo celular. Utilizando tecnolog\u00eda de movimiento oscilante, proporciona procesos eficientes y escalables para la producci\u00f3n de productos biol\u00f3gicos. Con su movimiento ondulatorio, optimiza la transferencia de ox\u00edgeno y nutrientes, mejorando el crecimiento celular. Este innovador biorreactor es ideal para aplicaciones en productos farmac\u00e9uticos, biofarmac\u00e9uticos y desarrollo de biocombustibles, ofreciendo un entorno din\u00e1mico y controlado para un cultivo celular robusto.<br><br><a href=\"javascript:equipmentid('wave_bioreactor')\" style=\"text-decoration: underline; color: #0000ee; font-weight: bold;\">M\u00e1s informaci\u00f3n<\/a><\/p>\n                <\/div>\n            <\/div>\n            <div class=\"imag\">\n                <video controls autoplay loop muted class=\"about_img\" src=\"https:\/\/vrai.johnabbott.qc.ca\/wp-content\/uploads\/2024\/04\/Vrai_Wave-Bioreactor_15_Loop.mp4\"><\/video>\n            <\/div>\n        <\/div>\n    \n\n\n    <\/div>\n<script>\n   \/\/show the equipment page\n   function equipmentid(id){\n         window.location.assign(`equipment-id?equipment-id=${id}`);\n   }\n\n      \n<\/script>\n<\/body>","protected":false},"excerpt":{"rendered":"<p>Bioreactor A bioreactor is a controlled environment used to cultivate and maintain living cells, tissues, or microorganisms for various applications, such as producing pharmaceuticals, biofuels, or food products. By optimizing conditions like temperature, pH, and oxygen levels, bioreactors enable efficient growth and metabolic processes, resulting in high-quality, consistent, and scalable biological outputs. Learn More Biosafety [&hellip;]<\/p>","protected":false},"author":2,"featured_media":0,"parent":0,"menu_order":0,"comment_status":"closed","ping_status":"closed","template":"wp-custom-template-page-banner-removed","meta":{"footnotes":""},"class_list":["post-2606","page","type-page","status-publish","hentry"],"_links":{"self":[{"href":"https:\/\/vrai.johnabbott.qc.ca\/es\/wp-json\/wp\/v2\/pages\/2606","targetHints":{"allow":["GET"]}}],"collection":[{"href":"https:\/\/vrai.johnabbott.qc.ca\/es\/wp-json\/wp\/v2\/pages"}],"about":[{"href":"https:\/\/vrai.johnabbott.qc.ca\/es\/wp-json\/wp\/v2\/types\/page"}],"author":[{"embeddable":true,"href":"https:\/\/vrai.johnabbott.qc.ca\/es\/wp-json\/wp\/v2\/users\/2"}],"replies":[{"embeddable":true,"href":"https:\/\/vrai.johnabbott.qc.ca\/es\/wp-json\/wp\/v2\/comments?post=2606"}],"version-history":[{"count":42,"href":"https:\/\/vrai.johnabbott.qc.ca\/es\/wp-json\/wp\/v2\/pages\/2606\/revisions"}],"predecessor-version":[{"id":3504,"href":"https:\/\/vrai.johnabbott.qc.ca\/es\/wp-json\/wp\/v2\/pages\/2606\/revisions\/3504"}],"wp:attachment":[{"href":"https:\/\/vrai.johnabbott.qc.ca\/es\/wp-json\/wp\/v2\/media?parent=2606"}],"curies":[{"name":"wp","href":"https:\/\/api.w.org\/{rel}","templated":true}]}}