{"id":2606,"date":"2024-03-04T16:10:40","date_gmt":"2024-03-04T16:10:40","guid":{"rendered":"https:\/\/vrai-dev.johnabbott.qc.ca\/?page_id=2606"},"modified":"2024-04-30T16:06:25","modified_gmt":"2024-04-30T16:06:25","slug":"reference","status":"publish","type":"page","link":"https:\/\/vrai.johnabbott.qc.ca\/fr\/reference\/","title":{"rendered":"R\u00e9f\u00e9rence"},"content":{"rendered":"<body>\n<div class=\"box\">\n        <div class=\"item-container\">\n            <div class=\"item\">\n                <div class=\"title\">\n                    <h3>Bior\u00e9acteur<\/h3>\n                <\/div>\n                <div class=\"border\"><\/div>\n                <div class=\"description\">\n                    <p class=\"about_description\">Un bior\u00e9acteur est un environnement contr\u00f4l\u00e9 utilis\u00e9 pour cultiver et maintenir des cellules vivantes, des tissus ou des micro-organismes pour diverses applications, telles que la production de produits pharmaceutiques, de biocarburants ou de produits alimentaires. En optimisant les conditions telles que la temp\u00e9rature, le pH et les niveaux d'oxyg\u00e8ne, les bior\u00e9acteurs permettent une croissance et des processus m\u00e9taboliques efficaces, ce qui se traduit par des produits biologiques de haute qualit\u00e9, coh\u00e9rents et \u00e9volutifs.<br><br><a href=\"javascript:equipmentid('bioreactor')\" style=\"text-decoration: underline; color: #0000ee; font-weight: bold;\">En apprendre plus<\/a><\/p>\n                <\/div>\n            <\/div>\n            <div class=\"image\">\n                <video controls autoplay loop muted class=\"about_img\" src=\"https:\/\/vrai.johnabbott.qc.ca\/wp-content\/uploads\/2024\/04\/Vrai_Bioreactor_15_Loop.mp4\"><\/video>\n            <\/div>\n        <\/div>\n        <br><br>\n        <div class=\"item-container-2\">\n            <div class=\"item-2\">\n                <div class=\"title-2\">\n                    <h3>Cabinet de bios\u00e9curit\u00e9<\/h3>\n                <\/div>\n                <div class=\"border\"><\/div>\n                <div class=\"description-2\">\n                    <p class=\"about_description\">Une enceinte de s\u00e9curit\u00e9 biologique est une enceinte de laboratoire con\u00e7ue pour prot\u00e9ger les utilisateurs, l'environnement et les \u00e9chantillons sensibles contre la contamination. Elle utilise des filtres HEPA pour maintenir des conditions st\u00e9riles tout en permettant la manipulation en toute s\u00e9curit\u00e9 d'agents biologiques potentiellement dangereux. Les enceintes de s\u00e9curit\u00e9 biologique sont essentielles dans la recherche, l'industrie pharmaceutique et le milieu clinique pour des t\u00e2ches telles que la culture cellulaire, la manipulation de l'ADN et la manipulation des agents pathog\u00e8nes. <br><br><a href=\"javascript:equipmentid('bsc')\" style=\"text-decoration: underline; color: #0000ee; font-weight: bold;\"> En apprendre plus<\/a><\/p>\n                <\/div>\n            <\/div>\n            <div class=\"image-2\">\n                <video controls autoplay loop muted class=\"about_img\" src=\"https:\/\/vrai.johnabbott.qc.ca\/wp-content\/uploads\/2024\/04\/Vrai_Biosafety-Cabinet_15_Loop.mp4\"><\/video>\n            <\/div>\n        <\/div>\n        <br><br>\n        <div class=\"item-container\">\n            <div class=\"item\">\n                <div class=\"title\">\n                    <h3>Chromatographie liquide de haute pr\u00e9cision<\/h3>\n                <\/div>\n                <div class=\"border\"><\/div>\n                <div class=\"description\">\n                    <p class=\"about_description\">La chromatographie liquide de haute pr\u00e9cision (HPLC) est une technique analytique avanc\u00e9e qui permet de s\u00e9parer, d'identifier et de quantifier des compos\u00e9s dans des m\u00e9langes complexes. En injectant un \u00e9chantillon dans une phase mobile et en le faisant passer \u00e0 travers une phase stationnaire, la HPLC exploite les diff\u00e9rences de propri\u00e9t\u00e9s des compos\u00e9s, telles que la polarit\u00e9 et la solubilit\u00e9. Cet outil puissant est largement utilis\u00e9 dans les domaines de la pharmacie, de l'analyse environnementale et de la s\u00e9curit\u00e9 alimentaire, offrant une sensibilit\u00e9, une pr\u00e9cision et une reproductibilit\u00e9 \u00e9lev\u00e9es pour diverses applications. <br><br><a href=\"javascript:equipmentid('hplc')\" style=\"text-decoration: underline; color: #0000ee; font-weight: bold;\">En apprendre plus<\/a><\/p>\n                <\/div>\n            <\/div>\n            <div class=\"image\">\n                <video controls autoplay loop muted class=\"about_img\" src=\"https:\/\/vrai.johnabbott.qc.ca\/wp-content\/uploads\/2024\/04\/Vrai_Hplc_15_Loop.mp4\"><\/video>\n            <\/div>\n        <\/div>\n        <br><br>\n        <div class=\"item-container-2\">\n            <div class=\"item-2\">\n                <div class=\"title-2\">\n                    <h3>Diffusion dynamique de la lumi\u00e8re (DLS)<\/h3>\n                <\/div>\n                <div class=\"border\"><\/div>\n                <div class=\"description-2\">\n                    <p class=\"about_description\">Un diffuseur de lumi\u00e8re dynamique (DLS) est un outil analytique qui mesure la distribution de la taille des particules dans une solution en analysant les fluctuations de l'intensit\u00e9 de la lumi\u00e8re diffus\u00e9e. Les particules subissant un mouvement brownien, le DLS d\u00e9tecte ces mouvements \u00e0 l'aide d'un laser et d'un photod\u00e9tecteur, puis calcule la taille des particules par analyse d'autocorr\u00e9lation, fournissant ainsi des informations pr\u00e9cieuses sur les propri\u00e9t\u00e9s et la stabilit\u00e9 des mat\u00e9riaux pour des applications dans les domaines de la chimie, de la biologie et de la science des mat\u00e9riaux. <br><br><a href=\"javascript:equipmentid('dls')\" style=\"text-decoration: underline; color: #0000ee; font-weight: bold;\">En apprendre plus<\/a><\/p>\n                <\/div>\n            <\/div>\n            <div class=\"image-2\">\n                <video controls autoplay loop muted class=\"about_img\" src=\"https:\/\/vrai.johnabbott.qc.ca\/wp-content\/uploads\/2024\/04\/Vrai_Dls_15_Loop.mp4\"><\/video>\n            <\/div>\n        <\/div>\n        <br><br>\n        <div class=\"item-container\">\n            <div class=\"item\">\n                <div class=\"title\">\n                    <h3>Bioscellant<\/h3>\n                <\/div>\n                <div class=\"border\"><\/div>\n                <div class=\"description\">\n                    <p class=\"about_description\">Dans le domaine de la bioproduction, un Biosealer est utilis\u00e9 pour s\u00e9curiser et prot\u00e9ger les produits biologiques, tels que les cellules, les tissus et les produits biopharmaceutiques. En cr\u00e9ant des scell\u00e9s \u00e9tanches \u00e0 l'air, \u00e0 l'eau et st\u00e9riles, il pr\u00e9serve l'int\u00e9grit\u00e9 du produit et pr\u00e9vient la contamination. Cet outil essentiel am\u00e9liore la qualit\u00e9 et la s\u00e9curit\u00e9 de la production, garantissant la livraison de produits efficaces, coh\u00e9rents et non contamin\u00e9s pour diverses applications, notamment th\u00e9rapeutiques et diagnostiques. <br><br><a href=\"javascript:equipmentid('biosealer')\" style=\"text-decoration: underline; color: #0000ee; font-weight: bold;\">En apprendre plus<\/a><\/p>\n                <\/div>\n            <\/div>\n            <div class=\"image\">\n                <video controls autoplay loop muted class=\"about_img\" src=\"https:\/\/vrai.johnabbott.qc.ca\/wp-content\/uploads\/2024\/04\/Vrai_Biosealer_15_Loop.mp4\"><\/video>\n            <\/div>\n        <\/div>\n        <br><br>\n        <div class=\"item-container-2\">\n            <div class=\"item-2\">\n                <div class=\"title-2\">\n                    <h3>Fusionneur de Tubes Biochimiques<\/h3>\n                <\/div>\n                <div class=\"border\"><\/div>\n                <div class=\"description-2\">\n                    <p class=\"about_description\">Une fusionneur de tubes est un appareil sp\u00e9cialis\u00e9 utilis\u00e9 en biofabrication pour cr\u00e9er des connexions st\u00e9riles et \u00e9tanches entre des sections de tubes flexibles. Ce processus garantit le confinement et l'int\u00e9grit\u00e9 des mati\u00e8res biologiques sensibles pendant les \u00e9tapes de production, de purification et de transport. Les soudeuses de tubes minimisent le risque de contamination, pr\u00e9servant ainsi la qualit\u00e9 et la s\u00e9curit\u00e9 des produits dans des applications telles que les produits pharmaceutiques, les produits biologiques et les th\u00e9rapies cellulaires. <br><br><a href=\"javascript:equipmentid('tube_welder')\" style=\"text-decoration: underline; color: #0000ee; font-weight: bold;\">En apprendre plus<\/a><\/p>\n                <\/div>\n            <\/div>\n            <div class=\"image-2\">\n                <video controls autoplay loop muted class=\"about_img\" src=\"https:\/\/vrai.johnabbott.qc.ca\/wp-content\/uploads\/2024\/04\/Vrai_Tube-Welder_15_Loop.mp4\"><\/video>\n            <\/div>\n        <\/div>\n\n  <br><br>\n        <div class=\"item-container\">\n            <div class=\"item\">\n                <div class=\"title\">\n                    <h3>Contr\u00f4leur de bior\u00e9acteur<\/h3>\n                <\/div>\n                <div class=\"border\"><\/div>\n                <div class=\"description\">\n                    <p class=\"about_description\">Le contr\u00f4leur de bior\u00e9acteur est un instrument essentiel de la bioproduction, qui r\u00e9gule la temp\u00e9rature, le pH et la vitesse d'agitation pour une culture cellulaire optimale. V\u00e9ritable pivot des bioproc\u00e9d\u00e9s, il garantit l'int\u00e9grit\u00e9, la st\u00e9rilit\u00e9 et la s\u00e9curit\u00e9 des produits biologiques. Id\u00e9al pour les produits th\u00e9rapeutiques et diagnostiques, il est un gardien fiable qui facilite l'obtention de r\u00e9sultats coh\u00e9rents et non contamin\u00e9s dans le domaine de la biotechnologie. <br><br><a href=\"javascript:equipmentid('bior_controller')\" style=\"text-decoration: underline; color: #0000ee; font-weight: bold;\">En apprendre plus<\/a><\/p>\n                <\/div>\n            <\/div>\n            <div class=\"imag\">\n                <video controls autoplay loop muted class=\"about_img\" src=\"https:\/\/vrai.johnabbott.qc.ca\/wp-content\/uploads\/2024\/04\/Vrai_Bioreactor-Controller_15_Loop.mp4\"><\/video>\n            <\/div>\n        <\/div>\n        <br><br>\n        <div class=\"item-container-2\">\n            <div class=\"item-2\">\n                <div class=\"title-2\">\n                    <h3>Incubateur<\/h3>\n                <\/div>\n                <div class=\"border\"><\/div>\n                <div class=\"description-2\">\n                    <p class=\"about_description\">L'incubateur joue un r\u00f4le essentiel dans la biofabrication, en favorisant des conditions optimales pour la croissance cellulaire et les processus. En r\u00e9gulant la temp\u00e9rature, il fournit un habitat contr\u00f4l\u00e9 pour les cellules, les tissus et les micro-organismes, favorisant des r\u00e9sultats reproductibles et garantissant la viabilit\u00e9 des produits biologiques. Outil essentiel de la biotechnologie, l'incubateur prend en charge diverses applications, am\u00e9liorant la biofabrication avec pr\u00e9cision et fiabilit\u00e9. <br><br><a href=\"javascript:equipmentid('incubator')\" style=\"text-decoration: underline; color: #0000ee; font-weight: bold;\">En apprendre plus<\/a><\/p>\n                <\/div>\n            <\/div>\n            <div class=\"image--2\">\n                <video controls autoplay loop muted class=\"about_img\" src=\"https:\/\/vrai.johnabbott.qc.ca\/wp-content\/uploads\/2024\/04\/Vrai_Incubator_15_Loop.mp4\"><\/video>\n            <\/div>\n        <\/div>\n\n<br><br>\n        <div class=\"item-container\">\n            <div class=\"item\">\n                <div class=\"title\">\n                    <h3>Lyophilisateur<\/h3>\n                <\/div>\n                <div class=\"border\"><\/div>\n                <div class=\"description\">\n                    <p class=\"about_description\">Le lyophilisateur Lyo joue un r\u00f4le essentiel dans les bioproc\u00e9d\u00e9s, en pr\u00e9servant les \u00e9chantillons biologiques par l'extraction de l'humidit\u00e9. Gr\u00e2ce \u00e0 un contr\u00f4le pr\u00e9cis de la temp\u00e9rature et de la pression, il facilite le processus de lyophilisation, garantissant l'int\u00e9grit\u00e9 des mat\u00e9riaux sensibles. Cet instrument crucial est bien adapt\u00e9 aux produits pharmaceutiques et biotechnologiques, offrant une m\u00e9thode fiable pour fabriquer des produits stables et durables pour la recherche, le d\u00e9veloppement et les applications m\u00e9dicales. <br><br><a href=\"javascript:equipmentid('freeze_dryer')\" style=\"text-decoration: underline; color: #0000ee; font-weight: bold;\">En apprendre plus<\/a><\/p>\n                <\/div>\n            <\/div>\n            <div class=\"imag\">\n                <video controls autoplay loop muted class=\"about_img\" src=\"https:\/\/vrai.johnabbott.qc.ca\/wp-content\/uploads\/2024\/04\/Vrai_Lyo-Freeze-Dryer_15_Loop.mp4\"><\/video>\n            <\/div>\n        <\/div>\n        <br><br>\n        <div class=\"item-container-2\">\n            <div class=\"item-2\">\n                <div class=\"title-2\">\n                    <h3>Bior\u00e9acteur \u00e0 usage unique<\/h3>\n                <\/div>\n                <div class=\"border\"><\/div>\n                <div class=\"description-2\">\n                    <p class=\"about_description\">Le bior\u00e9acteur \u00e0 usage unique est une solution innovante dans le domaine de la biofabrication, car il offre une plateforme jetable et efficace pour la culture cellulaire. Con\u00e7u pour \u00eatre flexible et pratique, il \u00e9limine le besoin de nettoyage et de st\u00e9rilisation, rationalisant ainsi les flux de travail. Id\u00e9al pour diverses applications dans le domaine de la biofabrication, il constitue une option rentable et \u00e9volutive qui facilite la production de produits biologiques. <br><br><a href=\"javascript:equipmentid('single_use_bior')\" style=\"text-decoration: underline; color: #0000ee; font-weight: bold;\">En apprendre plus<\/a><\/p>\n                <\/div>\n            <\/div>\n            <div class=\"image--2-\">\n                <video controls autoplay loop muted class=\"about_img\" src=\"https:\/\/vrai.johnabbott.qc.ca\/wp-content\/uploads\/2024\/04\/Vrai_Single-Use-Bioreactor_15_Loop.mp4\"><\/video>\n            <\/div>\n        <\/div>\n\n<br><br>\n        <div class=\"item-container\">\n            <div class=\"item\">\n                <div class=\"title\">\n                    <h3>Bior\u00e9acteur \u00e0 ondes<\/h3>\n                <\/div>\n                <div class=\"border\"><\/div>\n                <div class=\"description\">\n                    <p class=\"about_description\">Le bior\u00e9acteur \u00e0 vagues est un syst\u00e8me r\u00e9volutionnaire dans le domaine de la biofabrication, qui introduit une nouvelle approche de la culture cellulaire. Utilisant la technologie du mouvement de bascule, il fournit des processus efficaces et \u00e9volutifs pour la production de produits biologiques. Gr\u00e2ce \u00e0 son mouvement ondulatoire, il optimise le transfert d'oxyg\u00e8ne et de nutriments, ce qui favorise la croissance cellulaire. Ce bior\u00e9acteur innovant est id\u00e9al pour les applications pharmaceutiques, biopharmaceutiques et le d\u00e9veloppement de biocarburants, car il offre un environnement dynamique et contr\u00f4l\u00e9 pour une culture cellulaire robuste.<br><br><a href=\"javascript:equipmentid('wave_bioreactor')\" style=\"text-decoration: underline; color: #0000ee; font-weight: bold;\">En apprendre plus<\/a><\/p>\n                <\/div>\n            <\/div>\n            <div class=\"imag\">\n                <video controls autoplay loop muted class=\"about_img\" src=\"https:\/\/vrai.johnabbott.qc.ca\/wp-content\/uploads\/2024\/04\/Vrai_Wave-Bioreactor_15_Loop.mp4\"><\/video>\n            <\/div>\n        <\/div>\n    \n\n\n    <\/div>\n<script>\n   \/\/show the equipment page\n   function equipmentid(id){\n         window.location.assign(`equipment-id?equipment-id=${id}`);\n   }\n\n      \n<\/script>\n<\/body>","protected":false},"excerpt":{"rendered":"<p>Bioreactor A bioreactor is a controlled environment used to cultivate and maintain living cells, tissues, or microorganisms for various applications, such as producing pharmaceuticals, biofuels, or food products. By optimizing conditions like temperature, pH, and oxygen levels, bioreactors enable efficient growth and metabolic processes, resulting in high-quality, consistent, and scalable biological outputs. Learn More Biosafety [&hellip;]<\/p>","protected":false},"author":2,"featured_media":0,"parent":0,"menu_order":0,"comment_status":"closed","ping_status":"closed","template":"wp-custom-template-page-banner-removed","meta":{"footnotes":""},"class_list":["post-2606","page","type-page","status-publish","hentry"],"_links":{"self":[{"href":"https:\/\/vrai.johnabbott.qc.ca\/fr\/wp-json\/wp\/v2\/pages\/2606","targetHints":{"allow":["GET"]}}],"collection":[{"href":"https:\/\/vrai.johnabbott.qc.ca\/fr\/wp-json\/wp\/v2\/pages"}],"about":[{"href":"https:\/\/vrai.johnabbott.qc.ca\/fr\/wp-json\/wp\/v2\/types\/page"}],"author":[{"embeddable":true,"href":"https:\/\/vrai.johnabbott.qc.ca\/fr\/wp-json\/wp\/v2\/users\/2"}],"replies":[{"embeddable":true,"href":"https:\/\/vrai.johnabbott.qc.ca\/fr\/wp-json\/wp\/v2\/comments?post=2606"}],"version-history":[{"count":42,"href":"https:\/\/vrai.johnabbott.qc.ca\/fr\/wp-json\/wp\/v2\/pages\/2606\/revisions"}],"predecessor-version":[{"id":3504,"href":"https:\/\/vrai.johnabbott.qc.ca\/fr\/wp-json\/wp\/v2\/pages\/2606\/revisions\/3504"}],"wp:attachment":[{"href":"https:\/\/vrai.johnabbott.qc.ca\/fr\/wp-json\/wp\/v2\/media?parent=2606"}],"curies":[{"name":"wp","href":"https:\/\/api.w.org\/{rel}","templated":true}]}}