{"id":2606,"date":"2024-03-04T16:10:40","date_gmt":"2024-03-04T16:10:40","guid":{"rendered":"https:\/\/vrai-dev.johnabbott.qc.ca\/?page_id=2606"},"modified":"2024-04-30T16:06:25","modified_gmt":"2024-04-30T16:06:25","slug":"reference","status":"publish","type":"page","link":"https:\/\/vrai.johnabbott.qc.ca\/it\/reference\/","title":{"rendered":"Reference"},"content":{"rendered":"<body>\n<div class=\"box\">\n        <div class=\"item-container\">\n            <div class=\"item\">\n                <div class=\"title\">\n                    <h3>Bioreattore<\/h3>\n                <\/div>\n                <div class=\"border\"><\/div>\n                <div class=\"description\">\n                    <p class=\"about_description\">Un bioreattore \u00e8 un ambiente controllato utilizzato per coltivare e mantenere cellule viventi, tessuti o microrganismi per varie applicazioni, come la produzione di prodotti farmaceutici, biocarburanti o prodotti alimentari. Ottimizzando condizioni come temperatura, pH e livelli di ossigeno, i bioreattori consentono processi metabolici e di crescita efficienti, ottenendo risultati biologici di alta qualit\u00e0, coerenti e scalabili.<br><br><a href=\"javascript:equipmentid('bioreactor')\" style=\"text-decoration: underline; color: #0000ee; font-weight: bold;\">Saperne di pi\u00f9<\/a><\/p>\n                <\/div>\n            <\/div>\n            <div class=\"image\">\n                <video controls autoplay loop muted class=\"about_img\" src=\"https:\/\/vrai.johnabbott.qc.ca\/wp-content\/uploads\/2024\/04\/Vrai_Bioreactor_15_Loop.mp4\"><\/video>\n            <\/div>\n        <\/div>\n        <br><br>\n        <div class=\"item-container-2\">\n            <div class=\"item-2\">\n                <div class=\"title-2\">\n                    <h3>Gabinetto di biosicurezza<\/h3>\n                <\/div>\n                <div class=\"border\"><\/div>\n                <div class=\"description-2\">\n                    <p class=\"about_description\">Una cabina di biosicurezza \u00e8 una struttura di laboratorio progettata per proteggere gli utenti, l'ambiente e i campioni sensibili dalla contaminazione. Impiega filtri HEPA per mantenere condizioni sterili consentendo al tempo stesso la manipolazione sicura di agenti biologici potenzialmente pericolosi. Le BSC sono essenziali in contesti di ricerca, farmaceutici e clinici per attivit\u00e0 come la coltura cellulare, la manipolazione del DNA e la gestione dei patogeni. <br><br><a href=\"javascript:equipmentid('bsc')\" style=\"text-decoration: underline; color: #0000ee; font-weight: bold;\"> Saperne di pi\u00f9<\/a><\/p>\n                <\/div>\n            <\/div>\n            <div class=\"image-2\">\n                <video controls autoplay loop muted class=\"about_img\" src=\"https:\/\/vrai.johnabbott.qc.ca\/wp-content\/uploads\/2024\/04\/Vrai_Biosafety-Cabinet_15_Loop.mp4\"><\/video>\n            <\/div>\n        <\/div>\n        <br><br>\n        <div class=\"item-container\">\n            <div class=\"item\">\n                <div class=\"title\">\n                    <h3>Cromatografia liquida ad alta precisione<\/h3>\n                <\/div>\n                <div class=\"border\"><\/div>\n                <div class=\"description\">\n                    <p class=\"about_description\">La cromatografia liquida ad alta precisione (HPLC) \u00e8 una tecnica analitica avanzata che separa, identifica e quantifica i composti in miscele complesse. Iniettando un campione in una fase mobile e facendolo passare attraverso una fase stazionaria, l'HPLC sfrutta le differenze nelle propriet\u00e0 del composto, come polarit\u00e0 e solubilit\u00e0. Questo potente strumento \u00e8 ampiamente utilizzato nel settore farmaceutico, nell'analisi ambientale e nella sicurezza alimentare e offre elevata sensibilit\u00e0, precisione e riproducibilit\u00e0 per diverse applicazioni. <br><br><a href=\"javascript:equipmentid('hplc')\" style=\"text-decoration: underline; color: #0000ee; font-weight: bold;\">Saperne di pi\u00f9<\/a><\/p>\n                <\/div>\n            <\/div>\n            <div class=\"image\">\n                <video controls autoplay loop muted class=\"about_img\" src=\"https:\/\/vrai.johnabbott.qc.ca\/wp-content\/uploads\/2024\/04\/Vrai_Hplc_15_Loop.mp4\"><\/video>\n            <\/div>\n        <\/div>\n        <br><br>\n        <div class=\"item-container-2\">\n            <div class=\"item-2\">\n                <div class=\"title-2\">\n                    <h3>Diffusione dinamica della luce (DLS)<\/h3>\n                <\/div>\n                <div class=\"border\"><\/div>\n                <div class=\"description-2\">\n                    <p class=\"about_description\">Un Dynamic Light Scatterer (DLS) \u00e8 uno strumento analitico che misura la distribuzione dimensionale delle particelle in una soluzione analizzando le fluttuazioni nell'intensit\u00e0 della luce diffusa. Mentre le particelle subiscono il movimento browniano, DLS rileva questi movimenti utilizzando un laser e un fotorilevatore, quindi calcola le dimensioni delle particelle attraverso l\u2019analisi di autocorrelazione, fornendo preziose informazioni sulle propriet\u00e0 e sulla stabilit\u00e0 dei materiali per applicazioni in chimica, biologia e scienza dei materiali. <br><br><a href=\"javascript:equipmentid('dls')\" style=\"text-decoration: underline; color: #0000ee; font-weight: bold;\">Saperne di pi\u00f9<\/a><\/p>\n                <\/div>\n            <\/div>\n            <div class=\"image-2\">\n                <video controls autoplay loop muted class=\"about_img\" src=\"https:\/\/vrai.johnabbott.qc.ca\/wp-content\/uploads\/2024\/04\/Vrai_Dls_15_Loop.mp4\"><\/video>\n            <\/div>\n        <\/div>\n        <br><br>\n        <div class=\"item-container\">\n            <div class=\"item\">\n                <div class=\"title\">\n                    <h3>Biosigillante<\/h3>\n                <\/div>\n                <div class=\"border\"><\/div>\n                <div class=\"description\">\n                    <p class=\"about_description\">Nella bioproduzione, un biosigillante viene utilizzato per proteggere e proteggere i prodotti biologici, come cellule, tessuti e prodotti biofarmaceutici. Creando sigilli ermetici, impermeabili e sterili, mantiene l'integrit\u00e0 del prodotto e previene la contaminazione. Questo strumento fondamentale migliora la qualit\u00e0 e la sicurezza della produzione, garantendo la fornitura di prodotti efficaci, coerenti e non contaminati per varie applicazioni, comprese quelle terapeutiche e diagnostiche. <br><br><a href=\"javascript:equipmentid('biosealer')\" style=\"text-decoration: underline; color: #0000ee; font-weight: bold;\">Saperne di pi\u00f9<\/a><\/p>\n                <\/div>\n            <\/div>\n            <div class=\"image\">\n                <video controls autoplay loop muted class=\"about_img\" src=\"https:\/\/vrai.johnabbott.qc.ca\/wp-content\/uploads\/2024\/04\/Vrai_Biosealer_15_Loop.mp4\"><\/video>\n            <\/div>\n        <\/div>\n        <br><br>\n        <div class=\"item-container-2\">\n            <div class=\"item-2\">\n                <div class=\"title-2\">\n                    <h3>Fusione di tubi biochimici<\/h3>\n                <\/div>\n                <div class=\"border\"><\/div>\n                <div class=\"description-2\">\n                    <p class=\"about_description\">Una saldatrice per tubi \u00e8 un dispositivo specializzato utilizzato nella bioproduzione per creare connessioni sterili e a prova di perdite tra sezioni di tubi flessibili. Questo processo garantisce il contenimento e l'integrit\u00e0 dei materiali biologici sensibili durante le fasi di produzione, purificazione e trasporto. I saldatori di tubi riducono al minimo il rischio di contaminazione, mantenendo la qualit\u00e0 e la sicurezza del prodotto in applicazioni quali prodotti farmaceutici, biologici e terapie cellulari. <br><br><a href=\"javascript:equipmentid('tube_welder')\" style=\"text-decoration: underline; color: #0000ee; font-weight: bold;\">Saperne di pi\u00f9<\/a><\/p>\n                <\/div>\n            <\/div>\n            <div class=\"image-2\">\n                <video controls autoplay loop muted class=\"about_img\" src=\"https:\/\/vrai.johnabbott.qc.ca\/wp-content\/uploads\/2024\/04\/Vrai_Tube-Welder_15_Loop.mp4\"><\/video>\n            <\/div>\n        <\/div>\n\n  <br><br>\n        <div class=\"item-container\">\n            <div class=\"item\">\n                <div class=\"title\">\n                    <h3>Controllore del bioreattore<\/h3>\n                <\/div>\n                <div class=\"border\"><\/div>\n                <div class=\"description\">\n                    <p class=\"about_description\">Un controller per bioreattore \u00e8 uno strumento vitale per la bioproduzione, che regola la temperatura, il pH e la velocit\u00e0 di agitazione per una coltura cellulare ottimale. Fungendo da fulcro nel biotrattamento, garantisce integrit\u00e0, sterilit\u00e0 e sicurezza per i prodotti biologici. Ideale per applicazioni terapeutiche e diagnostiche, costituisce un custode affidabile, facilitando risultati coerenti e incontaminati nella biotecnologia. <br><br><a href=\"javascript:equipmentid('bior_controller')\" style=\"text-decoration: underline; color: #0000ee; font-weight: bold;\">Saperne di pi\u00f9<\/a><\/p>\n                <\/div>\n            <\/div>\n            <div class=\"imag\">\n                <video controls autoplay loop muted class=\"about_img\" src=\"https:\/\/vrai.johnabbott.qc.ca\/wp-content\/uploads\/2024\/04\/Vrai_Bioreactor-Controller_15_Loop.mp4\"><\/video>\n            <\/div>\n        <\/div>\n        <br><br>\n        <div class=\"item-container-2\">\n            <div class=\"item-2\">\n                <div class=\"title-2\">\n                    <h3>Incubatrice<\/h3>\n                <\/div>\n                <div class=\"border\"><\/div>\n                <div class=\"description-2\">\n                    <p class=\"about_description\">L'incubatore \u00e8 fondamentale nella bioproduzione, favorendo condizioni ottimali per la crescita e i processi cellulari. Regolando la temperatura, fornisce un habitat controllato per cellule, tessuti e microrganismi, promuovendo risultati riproducibili e garantendo la vitalit\u00e0 dei prodotti biologici. Essendo uno strumento vitale nella biotecnologia, l'incubatore supporta diverse applicazioni, elevando la bioproduzione con precisione e affidabilit\u00e0. <br><br><a href=\"javascript:equipmentid('incubator')\" style=\"text-decoration: underline; color: #0000ee; font-weight: bold;\">Saperne di pi\u00f9<\/a><\/p>\n                <\/div>\n            <\/div>\n            <div class=\"image--2\">\n                <video controls autoplay loop muted class=\"about_img\" src=\"https:\/\/vrai.johnabbott.qc.ca\/wp-content\/uploads\/2024\/04\/Vrai_Incubator_15_Loop.mp4\"><\/video>\n            <\/div>\n        <\/div>\n\n<br><br>\n        <div class=\"item-container\">\n            <div class=\"item\">\n                <div class=\"title\">\n                    <h3>Liofilizzatore<\/h3>\n                <\/div>\n                <div class=\"border\"><\/div>\n                <div class=\"description\">\n                    <p class=\"about_description\">Un liofilizzatore Lyo svolge un ruolo vitale nel biotrattamento, preservando i campioni biologici estraendo l'umidit\u00e0. Con un controllo preciso della temperatura e della pressione, facilita il processo di liofilizzazione, garantendo l'integrit\u00e0 dei materiali sensibili. Questo strumento fondamentale \u00e8 particolarmente adatto per i settori farmaceutico e biotecnologico e offre un metodo affidabile per produrre prodotti stabili e durevoli per la ricerca, lo sviluppo e le applicazioni mediche. <br><br><a href=\"javascript:equipmentid('freeze_dryer')\" style=\"text-decoration: underline; color: #0000ee; font-weight: bold;\">Saperne di pi\u00f9<\/a><\/p>\n                <\/div>\n            <\/div>\n            <div class=\"imag\">\n                <video controls autoplay loop muted class=\"about_img\" src=\"https:\/\/vrai.johnabbott.qc.ca\/wp-content\/uploads\/2024\/04\/Vrai_Lyo-Freeze-Dryer_15_Loop.mp4\"><\/video>\n            <\/div>\n        <\/div>\n        <br><br>\n        <div class=\"item-container-2\">\n            <div class=\"item-2\">\n                <div class=\"title-2\">\n                    <h3>Bioreattore monouso<\/h3>\n                <\/div>\n                <div class=\"border\"><\/div>\n                <div class=\"description-2\">\n                    <p class=\"about_description\">Un bioreattore monouso rappresenta una soluzione innovativa nella bioproduzione, offrendo una piattaforma usa e getta ed efficiente per la coltura cellulare. Progettato per garantire flessibilit\u00e0 e praticit\u00e0, elimina la necessit\u00e0 di pulizia e sterilizzazione, semplificando i flussi di lavoro. Ideale per diverse applicazioni nella bioproduzione, fornisce un'opzione conveniente e scalabile, supportando facilmente la produzione di prodotti biologici. <br><br><a href=\"javascript:equipmentid('single_use_bior')\" style=\"text-decoration: underline; color: #0000ee; font-weight: bold;\">Saperne di pi\u00f9<\/a><\/p>\n                <\/div>\n            <\/div>\n            <div class=\"image--2-\">\n                <video controls autoplay loop muted class=\"about_img\" src=\"https:\/\/vrai.johnabbott.qc.ca\/wp-content\/uploads\/2024\/04\/Vrai_Single-Use-Bioreactor_15_Loop.mp4\"><\/video>\n            <\/div>\n        <\/div>\n\n<br><br>\n        <div class=\"item-container\">\n            <div class=\"item\">\n                <div class=\"title\">\n                    <h3>Bioreattore a onde<\/h3>\n                <\/div>\n                <div class=\"border\"><\/div>\n                <div class=\"description\">\n                    <p class=\"about_description\">Un Wave Bioreactor \u00e8 un sistema rivoluzionario nella biofabbricazione, che introduce un nuovo approccio alla coltura cellulare. Utilizzando la tecnologia del movimento oscillante, fornisce processi efficienti e scalabili per la produzione di prodotti biologici. Con il suo movimento ondulatorio, ottimizza il trasferimento di ossigeno e nutrienti, migliorando la crescita cellulare. Questo innovativo bioreattore \u00e8 ideale per applicazioni in ambito farmaceutico, biofarmaceutico e sviluppo di biocarburanti, offrendo un ambiente dinamico e controllato per una robusta coltivazione cellulare.<br><br><a href=\"javascript:equipmentid('wave_bioreactor')\" style=\"text-decoration: underline; color: #0000ee; font-weight: bold;\">Saperne di pi\u00f9<\/a><\/p>\n                <\/div>\n            <\/div>\n            <div class=\"imag\">\n                <video controls autoplay loop muted class=\"about_img\" src=\"https:\/\/vrai.johnabbott.qc.ca\/wp-content\/uploads\/2024\/04\/Vrai_Wave-Bioreactor_15_Loop.mp4\"><\/video>\n            <\/div>\n        <\/div>\n    \n\n\n    <\/div>\n<script>\n   \/\/show the equipment page\n   function equipmentid(id){\n         window.location.assign(`equipment-id?equipment-id=${id}`);\n   }\n\n      \n<\/script>\n<\/body>","protected":false},"excerpt":{"rendered":"<p>Bioreactor A bioreactor is a controlled environment used to cultivate and maintain living cells, tissues, or microorganisms for various applications, such as producing pharmaceuticals, biofuels, or food products. By optimizing conditions like temperature, pH, and oxygen levels, bioreactors enable efficient growth and metabolic processes, resulting in high-quality, consistent, and scalable biological outputs. Learn More Biosafety [&hellip;]<\/p>","protected":false},"author":2,"featured_media":0,"parent":0,"menu_order":0,"comment_status":"closed","ping_status":"closed","template":"wp-custom-template-page-banner-removed","meta":{"footnotes":""},"class_list":["post-2606","page","type-page","status-publish","hentry"],"_links":{"self":[{"href":"https:\/\/vrai.johnabbott.qc.ca\/it\/wp-json\/wp\/v2\/pages\/2606","targetHints":{"allow":["GET"]}}],"collection":[{"href":"https:\/\/vrai.johnabbott.qc.ca\/it\/wp-json\/wp\/v2\/pages"}],"about":[{"href":"https:\/\/vrai.johnabbott.qc.ca\/it\/wp-json\/wp\/v2\/types\/page"}],"author":[{"embeddable":true,"href":"https:\/\/vrai.johnabbott.qc.ca\/it\/wp-json\/wp\/v2\/users\/2"}],"replies":[{"embeddable":true,"href":"https:\/\/vrai.johnabbott.qc.ca\/it\/wp-json\/wp\/v2\/comments?post=2606"}],"version-history":[{"count":42,"href":"https:\/\/vrai.johnabbott.qc.ca\/it\/wp-json\/wp\/v2\/pages\/2606\/revisions"}],"predecessor-version":[{"id":3504,"href":"https:\/\/vrai.johnabbott.qc.ca\/it\/wp-json\/wp\/v2\/pages\/2606\/revisions\/3504"}],"wp:attachment":[{"href":"https:\/\/vrai.johnabbott.qc.ca\/it\/wp-json\/wp\/v2\/media?parent=2606"}],"curies":[{"name":"wp","href":"https:\/\/api.w.org\/{rel}","templated":true}]}}